{"id":698,"date":"2025-10-18T20:06:11","date_gmt":"2025-10-18T23:06:11","guid":{"rendered":"https:\/\/meubles.com.br\/?page_id=698"},"modified":"2025-10-20T20:00:17","modified_gmt":"2025-10-20T23:00:17","slug":"local","status":"publish","type":"page","link":"https:\/\/meubles.com.br\/?page_id=698","title":{"rendered":"Local"},"content":{"rendered":"\n<div class=\"wp-block-group is-layout-flow wp-block-group-is-layout-flow has-background\" style=\"margin-top:0;margin-bottom:0;padding-top:var(--wp--preset--spacing--superbspacing-xxlarge);padding-right:var(--wp--preset--spacing--superbspacing-xxlarge);padding-bottom:var(--wp--preset--spacing--superbspacing-xxlarge);padding-left:var(--wp--preset--spacing--superbspacing-xxlarge);background-image:url(&apos;http:\/\/meubles.com.br\/wp-content\/uploads\/2025\/10\/casa-jp-background.jpg&apos;);background-position:100% 0%;background-size:cover;background-attachment:scroll;\">\n<div class=\"wp-block-group has-global-padding is-layout-constrained wp-block-group-is-layout-constrained\"><div style=\"opacity: 0;\" superb-addons-animation=\"slideInLeft\" class=\"wp-block-site-logo\"><a href=\"https:\/\/meubles.com.br\/\" class=\"custom-logo-link\" rel=\"home\"><img decoding=\"async\" width=\"240\" height=\"50\" src=\"https:\/\/meubles.com.br\/wp-content\/uploads\/2025\/08\/logo-branca-sombreado-transparente.png\" class=\"custom-logo\" alt=\"Meubles\" srcset=\"https:\/\/meubles.com.br\/wp-content\/uploads\/2025\/08\/logo-branca-sombreado-transparente.png 509w, https:\/\/meubles.com.br\/wp-content\/uploads\/2025\/08\/logo-branca-sombreado-transparente-300x64.png 300w, https:\/\/meubles.com.br\/wp-content\/uploads\/2025\/08\/logo-branca-sombreado-transparente-500x106.png 500w\" sizes=\"(max-width: 240px) 100vw, 240px\" \/><\/a><\/div><\/div>\n\n\n\n<div style=\"opacity: 0;\" superb-addons-animation=\"zoomIn\" class=\"wp-block-group has-global-padding is-layout-constrained wp-container-core-group-is-layout-2b4936b8 wp-block-group-is-layout-constrained\">\n<div style=\"height:100px\" aria-hidden=\"true\" class=\"wp-block-spacer\"><\/div>\n\n\n\n<h2 class=\"wp-block-heading has-text-align-center has-contrast-light-color has-text-color has-link-color wp-elements-6ffaac5181b6afbded7ff5b7ef1c1618\" style=\"font-size:clamp(33.419px, 2.089rem + ((1vw - 3.2px) * 3.021), 60px);\">Nossa casa<\/h2>\n<\/div>\n<\/div>\n\n\n\n<div class=\"wp-block-group alignfull has-background has-global-padding is-layout-constrained wp-container-core-group-is-layout-12f13a92 wp-block-group-is-layout-constrained\" style=\"background:linear-gradient(90deg,rgb(244,244,244) 0%,rgb(244,244,244) 35%,rgb(255,255,255) 35%,rgb(255,255,255) 100%);margin-top:var(--wp--preset--spacing--superbspacing-large);margin-bottom:var(--wp--preset--spacing--superbspacing-large);padding-top:var(--wp--preset--spacing--superbspacing-xlarge);padding-right:var(--wp--preset--spacing--superbspacing-xxlarge);padding-bottom:var(--wp--preset--spacing--superbspacing-xlarge);padding-left:var(--wp--preset--spacing--superbspacing-xxlarge);background-image:url(&apos;http:\/\/meubles.com.br\/wp-content\/uploads\/2025\/09\/fundo-meio-bola.png&apos;);background-size:cover;\">\n<div class=\"wp-block-columns are-vertically-aligned-center is-layout-flex wp-container-core-columns-is-layout-723d619e wp-block-columns-is-layout-flex\">\n<div class=\"wp-block-column is-vertically-aligned-center is-layout-flow wp-block-column-is-layout-flow\">\n<figure class=\"wp-block-image alignright size-full is-resized\"><img decoding=\"async\" width=\"786\" height=\"785\" src=\"http:\/\/meubles.com.br\/wp-content\/uploads\/2025\/10\/novalima-montanhas-neblina.jpg\" alt=\"\" class=\"wp-image-706\" style=\"width:390px;height:auto\" srcset=\"https:\/\/meubles.com.br\/wp-content\/uploads\/2025\/10\/novalima-montanhas-neblina.jpg 786w, https:\/\/meubles.com.br\/wp-content\/uploads\/2025\/10\/novalima-montanhas-neblina-300x300.jpg 300w, https:\/\/meubles.com.br\/wp-content\/uploads\/2025\/10\/novalima-montanhas-neblina-150x150.jpg 150w, https:\/\/meubles.com.br\/wp-content\/uploads\/2025\/10\/novalima-montanhas-neblina-768x767.jpg 768w, https:\/\/meubles.com.br\/wp-content\/uploads\/2025\/10\/novalima-montanhas-neblina-500x499.jpg 500w\" sizes=\"(max-width: 786px) 100vw, 786px\" \/><\/figure>\n<\/div>\n\n\n\n<div class=\"wp-block-column is-vertically-aligned-center is-layout-flow wp-block-column-is-layout-flow\">\n<h2 class=\"wp-block-heading\" style=\"font-size:clamp(24.034px, 1.502rem + ((1vw - 3.2px) * 1.814), 40px);\">Nova Lima<\/h2>\n\n\n\n<div style=\"height:43px\" aria-hidden=\"true\" class=\"wp-block-spacer\"><\/div>\n\n\n\n<p class=\"has-mono-2-color has-text-color has-link-color has-superbfont-xsmall-font-size wp-elements-7d2acfb2f8bde491eeed13a2a748af05\">Entre montanhas e neblinas<br>esperta como um segredo de Minas.<\/p>\n\n\n\n<p class=\"has-mono-2-color has-text-color has-link-color has-superbfont-xsmall-font-size wp-elements-db673b032e82c965d9d4e840210fce08\">Suas ruas guardam o perfume da serra<br>o eco do min\u00e9rio e o cheiro \u00famido da terra<\/p>\n\n\n\n<p class=\"has-mono-2-color has-text-color has-link-color has-superbfont-xsmall-font-size wp-elements-5d1696d85e4ab3f814edb9c4fd3b6831\">Entre casar\u00f5es e ventos frios, o tempo anda devagar<br>como quem saboreia um caf\u00e9 que acabou de coar<\/p>\n\n\n\n<p class=\"has-mono-2-color has-text-color has-link-color has-superbfont-xsmall-font-size wp-elements-4cb5799d19e173a14dc43d38128f6286\">E quando o sol se deita por tr\u00e1s das montanhas,<br>a cidade suspira: serena, \u00e0 espera das manh\u00e3s.<\/p>\n<\/div>\n<\/div>\n\n\n\n<p class=\"has-mono-2-color has-text-color has-link-color has-superbfont-xsmall-font-size wp-elements-924c2d85ac8842da786467b5cd12f2f1\">Estamos localizados em Nova Lima (MG), em ponto estrat\u00e9gico para atender todas as cidades pr\u00f3ximas<br><br>Para m\u00f3veis planejados e demais servi\u00e7os de marcenaria, atendemos nas seguintes regi\u00f5es:<\/p>\n\n\n\n<ul class=\"wp-block-list\">\n<li class=\"has-mono-2-color has-text-color has-link-color has-superbfont-xsmall-font-size wp-elements-67b6126e3495ce424d8d5744621ec65c\">Nova Lima (incluindo o distrito de Hon\u00f3rio Bicalho)<\/li>\n\n\n\n<li class=\"has-mono-2-color has-text-color has-link-color has-superbfont-xsmall-font-size wp-elements-8921995272b47a8799d8ee4b5c2bb52a\">Rio Acima<\/li>\n\n\n\n<li class=\"has-mono-2-color has-text-color has-link-color has-superbfont-xsmall-font-size wp-elements-8b9b66b0016ca01ab3bae36408f9f63b\">Raposos<\/li>\n\n\n\n<li class=\"has-mono-2-color has-text-color has-link-color has-superbfont-xsmall-font-size wp-elements-475c3891e7723eb50ca8154faec13e52\">Brumadinho (regi\u00e3o de Casa Branca)<\/li>\n\n\n\n<li class=\"has-mono-2-color has-text-color has-link-color has-superbfont-xsmall-font-size wp-elements-76d417a15aeda0bd2a3b940464dcae4b\">Belo Horizonte (regi\u00e3o Centro\/Sul)<\/li>\n<\/ul>\n\n\n\n<p class=\"has-mono-2-color has-text-color has-link-color has-superbfont-xsmall-font-size wp-elements-52ff881b540724bf22404764c850e9cb\">Para os demais produtos, como pe\u00e7as decorativas, controles arcades ou pequenos m\u00f3veis, atendemos em todo territ\u00f3rio Brasileiro. Enviamos por transportadora.<br><br><a href=\"https:\/\/wa.me\/5531999995565\">Entre em contato<\/a> e solicite um or\u00e7amento, teremos prazer em transformar seu projeto em realidade.<\/p>\n<\/div>\n","protected":false},"excerpt":{"rendered":"<p>Nossa casa Nova Lima Entre montanhas e neblinasesperta como um segredo de Minas. Suas ruas guardam o perfume da serrao eco do min\u00e9rio e o cheiro \u00famido da terra Entre casar\u00f5es e ventos frios, o tempo anda devagarcomo quem saboreia um caf\u00e9 que acabou de coar E quando o sol se deita por tr\u00e1s das [&hellip;]<\/p>\n","protected":false},"author":1,"featured_media":0,"parent":0,"menu_order":0,"comment_status":"closed","ping_status":"closed","template":"superbaddons-page-template","meta":{"_vp_format_video_url":"","_vp_image_focal_point":[],"footnotes":""},"class_list":["post-698","page","type-page","status-publish","hentry"],"_links":{"self":[{"href":"https:\/\/meubles.com.br\/index.php?rest_route=\/wp\/v2\/pages\/698","targetHints":{"allow":["GET"]}}],"collection":[{"href":"https:\/\/meubles.com.br\/index.php?rest_route=\/wp\/v2\/pages"}],"about":[{"href":"https:\/\/meubles.com.br\/index.php?rest_route=\/wp\/v2\/types\/page"}],"author":[{"embeddable":true,"href":"https:\/\/meubles.com.br\/index.php?rest_route=\/wp\/v2\/users\/1"}],"replies":[{"embeddable":true,"href":"https:\/\/meubles.com.br\/index.php?rest_route=%2Fwp%2Fv2%2Fcomments&post=698"}],"version-history":[{"count":12,"href":"https:\/\/meubles.com.br\/index.php?rest_route=\/wp\/v2\/pages\/698\/revisions"}],"predecessor-version":[{"id":733,"href":"https:\/\/meubles.com.br\/index.php?rest_route=\/wp\/v2\/pages\/698\/revisions\/733"}],"wp:attachment":[{"href":"https:\/\/meubles.com.br\/index.php?rest_route=%2Fwp%2Fv2%2Fmedia&parent=698"}],"curies":[{"name":"wp","href":"https:\/\/api.w.org\/{rel}","templated":true}]}}