{"id":680,"date":"2025-10-04T07:48:28","date_gmt":"2025-10-04T10:48:28","guid":{"rendered":"https:\/\/meubles.com.br\/?page_id=680"},"modified":"2025-10-05T11:58:44","modified_gmt":"2025-10-05T14:58:44","slug":"armarios","status":"publish","type":"page","link":"https:\/\/meubles.com.br\/?page_id=680","title":{"rendered":"Arm\u00e1rios"},"content":{"rendered":"\n<div class=\"wp-block-group is-layout-flow wp-block-group-is-layout-flow has-background\" style=\"margin-top:0;margin-bottom:0;padding-top:var(--wp--preset--spacing--superbspacing-xxlarge);padding-right:var(--wp--preset--spacing--superbspacing-xxlarge);padding-bottom:var(--wp--preset--spacing--superbspacing-xxlarge);padding-left:var(--wp--preset--spacing--superbspacing-xxlarge);background-image:url(&apos;http:\/\/meubles.com.br\/wp-content\/uploads\/2025\/10\/cabecalho-armarios.jpg&apos;);background-size:cover;background-attachment:scroll;\">\n<div class=\"wp-block-group has-global-padding is-layout-constrained wp-block-group-is-layout-constrained\"><div style=\"opacity: 0;\" superb-addons-animation=\"slideInLeft\" class=\"wp-block-site-logo\"><a href=\"https:\/\/meubles.com.br\/\" class=\"custom-logo-link\" rel=\"home\"><img decoding=\"async\" width=\"240\" height=\"50\" src=\"https:\/\/meubles.com.br\/wp-content\/uploads\/2025\/08\/logo-branca-sombreado-transparente.png\" class=\"custom-logo\" alt=\"Meubles\" srcset=\"https:\/\/meubles.com.br\/wp-content\/uploads\/2025\/08\/logo-branca-sombreado-transparente.png 509w, https:\/\/meubles.com.br\/wp-content\/uploads\/2025\/08\/logo-branca-sombreado-transparente-300x64.png 300w, https:\/\/meubles.com.br\/wp-content\/uploads\/2025\/08\/logo-branca-sombreado-transparente-500x106.png 500w\" sizes=\"(max-width: 240px) 100vw, 240px\" \/><\/a><\/div><\/div>\n\n\n\n<div style=\"height:100px\" aria-hidden=\"true\" class=\"wp-block-spacer\"><\/div>\n\n\n\n<div style=\"opacity: 0;\" superb-addons-animation=\"zoomIn\" class=\"wp-block-group has-global-padding is-layout-constrained wp-container-core-group-is-layout-2b4936b8 wp-block-group-is-layout-constrained\">\n<h2 class=\"wp-block-heading has-text-align-center has-contrast-light-color has-text-color has-link-color wp-elements-d5ad5795bc3117f97cddf6b85a01b7d0\" style=\"font-size:clamp(33.419px, 2.089rem + ((1vw - 3.2px) * 3.021), 60px);\">Arm\u00e1rios<\/h2>\n<\/div>\n\n\n\n<div style=\"opacity: 0;\" superb-addons-animation=\"slideInUp\" class=\"wp-block-group has-global-padding is-layout-constrained wp-container-core-group-is-layout-96390804 wp-block-group-is-layout-constrained\">\n<p class=\"has-text-align-center has-primary-color has-text-color has-link-color has-superbfont-xsmall-font-size wp-elements-662d0c32b1ee79e88aa9a60280f1f64d\">Arm\u00e1rios em MDF, compensados revestidos ou de madeiras maci\u00e7as. Para a cozinha, banheiro, quarto, sala, escrit\u00f3rio ou oficina. Para guardar, enfeitar ou organizar.<\/p>\n<\/div>\n<\/div>\n\n\n\n<div class=\"wp-block-group alignfull has-background has-global-padding is-layout-constrained wp-container-core-group-is-layout-2280a3a6 wp-block-group-is-layout-constrained\" style=\"background:linear-gradient(90deg,rgb(244,244,244) 0%,rgb(244,244,244) 35%,rgb(255,255,255) 35%,rgb(255,255,255) 100%);margin-top:var(--wp--preset--spacing--superbspacing-small);margin-bottom:var(--wp--preset--spacing--superbspacing-small);padding-top:var(--wp--preset--spacing--superbspacing-xlarge);padding-right:var(--wp--preset--spacing--superbspacing-small);padding-bottom:var(--wp--preset--spacing--superbspacing-xlarge);padding-left:var(--wp--preset--spacing--superbspacing-small)\">\n<div class=\"wp-block-columns are-vertically-aligned-center is-layout-flex wp-container-core-columns-is-layout-723d619e wp-block-columns-is-layout-flex\">\n<div class=\"wp-block-column is-vertically-aligned-center is-layout-flow wp-block-column-is-layout-flow\"><div class=\"wp-block-visual-portfolio alignwide\">\n<div class=\"vp-portfolio vp-uid-70eb4d37 vp-id-jk2yG\"\n\tdata-vp-layout=\"slider\" data-vp-content-source=\"images\" data-vp-items-style=\"default\" data-vp-items-click-action=\"popup_gallery\" data-vp-items-gap=\"15\" data-vp-items-gap-vertical=\"\" data-vp-pagination=\"infinite\" data-vp-next-page-url=\"\" data-vp-random-seed=\"3975590095\" data-vp-slider-effect=\"slide\" data-vp-slider-items-height=\"80%\" data-vp-slider-items-min-height=\"\" data-vp-slider-slides-per-view=\"1\" data-vp-slider-speed=\"0.3\" data-vp-slider-autoplay=\"6\" data-vp-slider-autoplay-hover-pause=\"false\" data-vp-slider-centered-slides=\"true\" data-vp-slider-loop=\"true\" data-vp-slider-free-mode=\"false\" data-vp-slider-free-mode-sticky=\"false\" data-vp-slider-arrows=\"true\" data-vp-slider-bullets=\"true\" data-vp-slider-bullets-dynamic=\"true\" data-vp-slider-mousewheel=\"false\" data-vp-slider-thumbnails=\"false\" >\n\t<div class=\"vp-portfolio__preloader-wrap\">\n\t\t<div class=\"vp-portfolio__preloader\">\n\t\t\t<img decoding=\"async\" loading=\"eager\" src=\"https:\/\/meubles.com.br\/wp-content\/plugins\/visual-portfolio\/assets\/images\/logo-dark.svg\" alt=\"Visual Portfolio, Posts &amp; Image Gallery for WordPress\" width=\"20\" height=\"20\" data-skip-lazy>\n\t\t<\/div>\n\t<\/div>\n\t\t<div class=\"vp-portfolio__items-wrap\">\n\t\t\t\n<div class=\"vp-portfolio__items vp-portfolio__items-style-default vp-portfolio__items-show-overlay-hover\">\n\n\t\t<div\t\tclass=\"vp-portfolio__item-wrap vp-portfolio__item-uid-82e7f2c8\" data-vp-filter=\"\" \t\t>\n\t\t\t<template class=\"vp-portfolio__item-popup\" data-vp-popup-img=\"https:\/\/meubles.com.br\/wp-content\/uploads\/2025\/10\/armario-thibau3.jpg\" data-vp-popup-img-srcset=\"https:\/\/meubles.com.br\/wp-content\/uploads\/2025\/10\/armario-thibau3.jpg 1843w, https:\/\/meubles.com.br\/wp-content\/uploads\/2025\/10\/armario-thibau3-225x300.jpg 225w, https:\/\/meubles.com.br\/wp-content\/uploads\/2025\/10\/armario-thibau3-768x1024.jpg 768w, https:\/\/meubles.com.br\/wp-content\/uploads\/2025\/10\/armario-thibau3-1152x1536.jpg 1152w, https:\/\/meubles.com.br\/wp-content\/uploads\/2025\/10\/armario-thibau3-1536x2048.jpg 1536w, https:\/\/meubles.com.br\/wp-content\/uploads\/2025\/10\/armario-thibau3-500x667.jpg 500w, https:\/\/meubles.com.br\/wp-content\/uploads\/2025\/10\/armario-thibau3-800x1067.jpg 800w, https:\/\/meubles.com.br\/wp-content\/uploads\/2025\/10\/armario-thibau3-1280x1706.jpg 1280w\" data-vp-popup-img-size=\"1843x2457\" data-vp-popup-md-img=\"https:\/\/meubles.com.br\/wp-content\/uploads\/2025\/10\/armario-thibau3-800x1067.jpg\" data-vp-popup-md-img-size=\"800x1067\" data-vp-popup-sm-img=\"https:\/\/meubles.com.br\/wp-content\/uploads\/2025\/10\/armario-thibau3-500x667.jpg\" data-vp-popup-sm-img-size=\"500x667\">\n\t<\/template>\n\t\t\t\t\t\t<figure class=\"vp-portfolio__item\">\n\t\t\t\t\n<div class=\"vp-portfolio__item-img-wrap\">\n\t<div class=\"vp-portfolio__item-img\">\n\t\t\t<a\n\t\thref=\"https:\/\/meubles.com.br\/wp-content\/uploads\/2025\/10\/armario-thibau3.jpg\"\n\t\t\t>\n\t\n\t\t<noscript><img decoding=\"async\" width=\"1843\" height=\"2457\" data-skip-lazy src=\"https:\/\/meubles.com.br\/wp-content\/uploads\/2025\/10\/armario-thibau3.jpg\" class=\"wp-image-683\" alt=\"\" srcset=\"https:\/\/meubles.com.br\/wp-content\/uploads\/2025\/10\/armario-thibau3.jpg 1843w, https:\/\/meubles.com.br\/wp-content\/uploads\/2025\/10\/armario-thibau3-225x300.jpg 225w, https:\/\/meubles.com.br\/wp-content\/uploads\/2025\/10\/armario-thibau3-768x1024.jpg 768w, https:\/\/meubles.com.br\/wp-content\/uploads\/2025\/10\/armario-thibau3-1152x1536.jpg 1152w, https:\/\/meubles.com.br\/wp-content\/uploads\/2025\/10\/armario-thibau3-1536x2048.jpg 1536w, https:\/\/meubles.com.br\/wp-content\/uploads\/2025\/10\/armario-thibau3-500x667.jpg 500w, https:\/\/meubles.com.br\/wp-content\/uploads\/2025\/10\/armario-thibau3-800x1067.jpg 800w, https:\/\/meubles.com.br\/wp-content\/uploads\/2025\/10\/armario-thibau3-1280x1706.jpg 1280w\" sizes=\"(max-width: 1843px) 100vw, 1843px\" \/><\/noscript><img fetchpriority=\"high\" decoding=\"async\" width=\"1843\" height=\"2457\" src=\"https:\/\/meubles.com.br\/wp-content\/uploads\/2025\/10\/armario-thibau3.jpg\" class=\"wp-image-683 vp-lazyload\" alt srcset=\"data:image\/svg+xml;base64,PHN2ZyB3aWR0aD0iMTg0MyIgaGVpZ2h0PSIyNDU3IiB2aWV3Qm94PSIwIDAgMTg0MyAyNDU3IiBmaWxsPSJub25lIiB4bWxucz0iaHR0cDovL3d3dy53My5vcmcvMjAwMC9zdmciPjwvc3ZnPg==\" data-src=\"https:\/\/meubles.com.br\/wp-content\/uploads\/2025\/10\/armario-thibau3.jpg\" data-srcset=\"https:\/\/meubles.com.br\/wp-content\/uploads\/2025\/10\/armario-thibau3.jpg 1843w, https:\/\/meubles.com.br\/wp-content\/uploads\/2025\/10\/armario-thibau3-225x300.jpg 225w, https:\/\/meubles.com.br\/wp-content\/uploads\/2025\/10\/armario-thibau3-768x1024.jpg 768w, https:\/\/meubles.com.br\/wp-content\/uploads\/2025\/10\/armario-thibau3-1152x1536.jpg 1152w, https:\/\/meubles.com.br\/wp-content\/uploads\/2025\/10\/armario-thibau3-1536x2048.jpg 1536w, https:\/\/meubles.com.br\/wp-content\/uploads\/2025\/10\/armario-thibau3-500x667.jpg 500w, https:\/\/meubles.com.br\/wp-content\/uploads\/2025\/10\/armario-thibau3-800x1067.jpg 800w, https:\/\/meubles.com.br\/wp-content\/uploads\/2025\/10\/armario-thibau3-1280x1706.jpg 1280w\" data-sizes=\"auto\" loading=\"eager\">\n\t\t<div class=\"vp-portfolio__item-overlay\">\n\t\t\t\n<div class=\"vp-portfolio__item-meta-icon\">\n\t\n<svg class=\"vp-svg-icon\" width=\"20\" height=\"20\" viewBox=\"0 0 20 20\" fill=\"none\" xmlns=\"http:\/\/www.w3.org\/2000\/svg\">\n\t<path d=\"M9 17C13.4183 17 17 13.4183 17 9C17 4.58172 13.4183 1 9 1C4.58172 1 1 4.58172 1 9C1 13.4183 4.58172 17 9 17Z\" stroke=\"currentColor\" stroke-width=\"1.5\" stroke-linecap=\"round\" stroke-linejoin=\"round\" fill=\"transparent\" \/>\n\t<path d=\"M19 19L14.65 14.65\" stroke=\"currentColor\" stroke-width=\"1.5\" stroke-linecap=\"round\" stroke-linejoin=\"round\" fill=\"transparent\" \/>\n<\/svg>\n<\/div>\n\t\t<\/div>\n\n\t\t<\/a>\t<\/div>\n<\/div>\n\n\t\t\t<\/figure>\n\t\t\t\t\t<\/div>\n\t\t\n\t\t<div\t\tclass=\"vp-portfolio__item-wrap vp-portfolio__item-uid-e7556db0\" data-vp-filter=\"\" \t\t>\n\t\t\t<template class=\"vp-portfolio__item-popup\" data-vp-popup-img=\"https:\/\/meubles.com.br\/wp-content\/uploads\/2025\/10\/armario-thibau2-1920x1082.jpg\" data-vp-popup-img-srcset=\"https:\/\/meubles.com.br\/wp-content\/uploads\/2025\/10\/armario-thibau2-1920x1082.jpg 1920w, https:\/\/meubles.com.br\/wp-content\/uploads\/2025\/10\/armario-thibau2-300x169.jpg 300w, https:\/\/meubles.com.br\/wp-content\/uploads\/2025\/10\/armario-thibau2-1024x577.jpg 1024w, https:\/\/meubles.com.br\/wp-content\/uploads\/2025\/10\/armario-thibau2-768x433.jpg 768w, https:\/\/meubles.com.br\/wp-content\/uploads\/2025\/10\/armario-thibau2-1536x865.jpg 1536w, https:\/\/meubles.com.br\/wp-content\/uploads\/2025\/10\/armario-thibau2-2048x1154.jpg 2048w, https:\/\/meubles.com.br\/wp-content\/uploads\/2025\/10\/armario-thibau2-500x282.jpg 500w, https:\/\/meubles.com.br\/wp-content\/uploads\/2025\/10\/armario-thibau2-800x451.jpg 800w, https:\/\/meubles.com.br\/wp-content\/uploads\/2025\/10\/armario-thibau2-1280x721.jpg 1280w\" data-vp-popup-img-size=\"1920x1082\" data-vp-popup-md-img=\"https:\/\/meubles.com.br\/wp-content\/uploads\/2025\/10\/armario-thibau2-800x451.jpg\" data-vp-popup-md-img-size=\"800x451\" data-vp-popup-sm-img=\"https:\/\/meubles.com.br\/wp-content\/uploads\/2025\/10\/armario-thibau2-500x282.jpg\" data-vp-popup-sm-img-size=\"500x282\">\n\t<\/template>\n\t\t\t\t\t\t<figure class=\"vp-portfolio__item\">\n\t\t\t\t\n<div class=\"vp-portfolio__item-img-wrap\">\n\t<div class=\"vp-portfolio__item-img\">\n\t\t\t<a\n\t\thref=\"https:\/\/meubles.com.br\/wp-content\/uploads\/2025\/10\/armario-thibau2-1920x1082.jpg\"\n\t\t\t>\n\t\n\t\t<noscript><img decoding=\"async\" width=\"1920\" height=\"1082\" data-skip-lazy src=\"https:\/\/meubles.com.br\/wp-content\/uploads\/2025\/10\/armario-thibau2-1920x1082.jpg\" class=\"wp-image-682\" alt=\"\" srcset=\"https:\/\/meubles.com.br\/wp-content\/uploads\/2025\/10\/armario-thibau2-1920x1082.jpg 1920w, https:\/\/meubles.com.br\/wp-content\/uploads\/2025\/10\/armario-thibau2-300x169.jpg 300w, https:\/\/meubles.com.br\/wp-content\/uploads\/2025\/10\/armario-thibau2-1024x577.jpg 1024w, https:\/\/meubles.com.br\/wp-content\/uploads\/2025\/10\/armario-thibau2-768x433.jpg 768w, https:\/\/meubles.com.br\/wp-content\/uploads\/2025\/10\/armario-thibau2-1536x865.jpg 1536w, https:\/\/meubles.com.br\/wp-content\/uploads\/2025\/10\/armario-thibau2-2048x1154.jpg 2048w, https:\/\/meubles.com.br\/wp-content\/uploads\/2025\/10\/armario-thibau2-500x282.jpg 500w, https:\/\/meubles.com.br\/wp-content\/uploads\/2025\/10\/armario-thibau2-800x451.jpg 800w, https:\/\/meubles.com.br\/wp-content\/uploads\/2025\/10\/armario-thibau2-1280x721.jpg 1280w\" sizes=\"(max-width: 1920px) 100vw, 1920px\" \/><\/noscript><img decoding=\"async\" width=\"1920\" height=\"1082\" src=\"https:\/\/meubles.com.br\/wp-content\/uploads\/2025\/10\/armario-thibau2-1920x1082.jpg\" class=\"wp-image-682 vp-lazyload\" alt srcset=\"data:image\/svg+xml;base64,PHN2ZyB3aWR0aD0iMTkyMCIgaGVpZ2h0PSIxMDgyIiB2aWV3Qm94PSIwIDAgMTkyMCAxMDgyIiBmaWxsPSJub25lIiB4bWxucz0iaHR0cDovL3d3dy53My5vcmcvMjAwMC9zdmciPjwvc3ZnPg==\" data-src=\"https:\/\/meubles.com.br\/wp-content\/uploads\/2025\/10\/armario-thibau2-1920x1082.jpg\" data-srcset=\"https:\/\/meubles.com.br\/wp-content\/uploads\/2025\/10\/armario-thibau2-1920x1082.jpg 1920w, https:\/\/meubles.com.br\/wp-content\/uploads\/2025\/10\/armario-thibau2-300x169.jpg 300w, https:\/\/meubles.com.br\/wp-content\/uploads\/2025\/10\/armario-thibau2-1024x577.jpg 1024w, https:\/\/meubles.com.br\/wp-content\/uploads\/2025\/10\/armario-thibau2-768x433.jpg 768w, https:\/\/meubles.com.br\/wp-content\/uploads\/2025\/10\/armario-thibau2-1536x865.jpg 1536w, https:\/\/meubles.com.br\/wp-content\/uploads\/2025\/10\/armario-thibau2-2048x1154.jpg 2048w, https:\/\/meubles.com.br\/wp-content\/uploads\/2025\/10\/armario-thibau2-500x282.jpg 500w, https:\/\/meubles.com.br\/wp-content\/uploads\/2025\/10\/armario-thibau2-800x451.jpg 800w, https:\/\/meubles.com.br\/wp-content\/uploads\/2025\/10\/armario-thibau2-1280x721.jpg 1280w\" data-sizes=\"auto\" loading=\"eager\">\n\t\t<div class=\"vp-portfolio__item-overlay\">\n\t\t\t\n<div class=\"vp-portfolio__item-meta-icon\">\n\t\n<svg class=\"vp-svg-icon\" width=\"20\" height=\"20\" viewBox=\"0 0 20 20\" fill=\"none\" xmlns=\"http:\/\/www.w3.org\/2000\/svg\">\n\t<path d=\"M9 17C13.4183 17 17 13.4183 17 9C17 4.58172 13.4183 1 9 1C4.58172 1 1 4.58172 1 9C1 13.4183 4.58172 17 9 17Z\" stroke=\"currentColor\" stroke-width=\"1.5\" stroke-linecap=\"round\" stroke-linejoin=\"round\" fill=\"transparent\" \/>\n\t<path d=\"M19 19L14.65 14.65\" stroke=\"currentColor\" stroke-width=\"1.5\" stroke-linecap=\"round\" stroke-linejoin=\"round\" fill=\"transparent\" \/>\n<\/svg>\n<\/div>\n\t\t<\/div>\n\n\t\t<\/a>\t<\/div>\n<\/div>\n\n\t\t\t<\/figure>\n\t\t\t\t\t<\/div>\n\t\t\n\t\t<div\t\tclass=\"vp-portfolio__item-wrap vp-portfolio__item-uid-c6e05b6f\" data-vp-filter=\"\" \t\t>\n\t\t\t<template class=\"vp-portfolio__item-popup\" data-vp-popup-img=\"https:\/\/meubles.com.br\/wp-content\/uploads\/2025\/10\/armario-thibau1-1920x3413.jpg\" data-vp-popup-img-srcset=\"https:\/\/meubles.com.br\/wp-content\/uploads\/2025\/10\/armario-thibau1-1920x3413.jpg 1920w, https:\/\/meubles.com.br\/wp-content\/uploads\/2025\/10\/armario-thibau1-169x300.jpg 169w, https:\/\/meubles.com.br\/wp-content\/uploads\/2025\/10\/armario-thibau1-576x1024.jpg 576w, https:\/\/meubles.com.br\/wp-content\/uploads\/2025\/10\/armario-thibau1-768x1365.jpg 768w, https:\/\/meubles.com.br\/wp-content\/uploads\/2025\/10\/armario-thibau1-864x1536.jpg 864w, https:\/\/meubles.com.br\/wp-content\/uploads\/2025\/10\/armario-thibau1-1152x2048.jpg 1152w, https:\/\/meubles.com.br\/wp-content\/uploads\/2025\/10\/armario-thibau1-500x889.jpg 500w, https:\/\/meubles.com.br\/wp-content\/uploads\/2025\/10\/armario-thibau1-800x1422.jpg 800w, https:\/\/meubles.com.br\/wp-content\/uploads\/2025\/10\/armario-thibau1-1280x2276.jpg 1280w, https:\/\/meubles.com.br\/wp-content\/uploads\/2025\/10\/armario-thibau1-scaled.jpg 1440w\" data-vp-popup-img-size=\"1920x3413\" data-vp-popup-md-img=\"https:\/\/meubles.com.br\/wp-content\/uploads\/2025\/10\/armario-thibau1-800x1422.jpg\" data-vp-popup-md-img-size=\"800x1422\" data-vp-popup-sm-img=\"https:\/\/meubles.com.br\/wp-content\/uploads\/2025\/10\/armario-thibau1-500x889.jpg\" data-vp-popup-sm-img-size=\"500x889\">\n\t<\/template>\n\t\t\t\t\t\t<figure class=\"vp-portfolio__item\">\n\t\t\t\t\n<div class=\"vp-portfolio__item-img-wrap\">\n\t<div class=\"vp-portfolio__item-img\">\n\t\t\t<a\n\t\thref=\"https:\/\/meubles.com.br\/wp-content\/uploads\/2025\/10\/armario-thibau1-1920x3413.jpg\"\n\t\t\t>\n\t\n\t\t<noscript><img decoding=\"async\" width=\"1920\" height=\"3413\" data-skip-lazy src=\"https:\/\/meubles.com.br\/wp-content\/uploads\/2025\/10\/armario-thibau1-1920x3413.jpg\" class=\"wp-image-681\" alt=\"\" srcset=\"https:\/\/meubles.com.br\/wp-content\/uploads\/2025\/10\/armario-thibau1-1920x3413.jpg 1920w, https:\/\/meubles.com.br\/wp-content\/uploads\/2025\/10\/armario-thibau1-169x300.jpg 169w, https:\/\/meubles.com.br\/wp-content\/uploads\/2025\/10\/armario-thibau1-576x1024.jpg 576w, https:\/\/meubles.com.br\/wp-content\/uploads\/2025\/10\/armario-thibau1-768x1365.jpg 768w, https:\/\/meubles.com.br\/wp-content\/uploads\/2025\/10\/armario-thibau1-864x1536.jpg 864w, https:\/\/meubles.com.br\/wp-content\/uploads\/2025\/10\/armario-thibau1-1152x2048.jpg 1152w, https:\/\/meubles.com.br\/wp-content\/uploads\/2025\/10\/armario-thibau1-500x889.jpg 500w, https:\/\/meubles.com.br\/wp-content\/uploads\/2025\/10\/armario-thibau1-800x1422.jpg 800w, https:\/\/meubles.com.br\/wp-content\/uploads\/2025\/10\/armario-thibau1-1280x2276.jpg 1280w, https:\/\/meubles.com.br\/wp-content\/uploads\/2025\/10\/armario-thibau1-scaled.jpg 1440w\" sizes=\"(max-width: 1920px) 100vw, 1920px\" \/><\/noscript><img decoding=\"async\" width=\"1920\" height=\"3413\" src=\"https:\/\/meubles.com.br\/wp-content\/uploads\/2025\/10\/armario-thibau1-1920x3413.jpg\" class=\"wp-image-681 vp-lazyload\" alt srcset=\"data:image\/svg+xml;base64,PHN2ZyB3aWR0aD0iMTkyMCIgaGVpZ2h0PSIzNDEzIiB2aWV3Qm94PSIwIDAgMTkyMCAzNDEzIiBmaWxsPSJub25lIiB4bWxucz0iaHR0cDovL3d3dy53My5vcmcvMjAwMC9zdmciPjwvc3ZnPg==\" data-src=\"https:\/\/meubles.com.br\/wp-content\/uploads\/2025\/10\/armario-thibau1-1920x3413.jpg\" data-srcset=\"https:\/\/meubles.com.br\/wp-content\/uploads\/2025\/10\/armario-thibau1-1920x3413.jpg 1920w, https:\/\/meubles.com.br\/wp-content\/uploads\/2025\/10\/armario-thibau1-169x300.jpg 169w, https:\/\/meubles.com.br\/wp-content\/uploads\/2025\/10\/armario-thibau1-576x1024.jpg 576w, https:\/\/meubles.com.br\/wp-content\/uploads\/2025\/10\/armario-thibau1-768x1365.jpg 768w, https:\/\/meubles.com.br\/wp-content\/uploads\/2025\/10\/armario-thibau1-864x1536.jpg 864w, https:\/\/meubles.com.br\/wp-content\/uploads\/2025\/10\/armario-thibau1-1152x2048.jpg 1152w, https:\/\/meubles.com.br\/wp-content\/uploads\/2025\/10\/armario-thibau1-500x889.jpg 500w, https:\/\/meubles.com.br\/wp-content\/uploads\/2025\/10\/armario-thibau1-800x1422.jpg 800w, https:\/\/meubles.com.br\/wp-content\/uploads\/2025\/10\/armario-thibau1-1280x2276.jpg 1280w, https:\/\/meubles.com.br\/wp-content\/uploads\/2025\/10\/armario-thibau1-scaled.jpg 1440w\" data-sizes=\"auto\" loading=\"eager\">\n\t\t<div class=\"vp-portfolio__item-overlay\">\n\t\t\t\n<div class=\"vp-portfolio__item-meta-icon\">\n\t\n<svg class=\"vp-svg-icon\" width=\"20\" height=\"20\" viewBox=\"0 0 20 20\" fill=\"none\" xmlns=\"http:\/\/www.w3.org\/2000\/svg\">\n\t<path d=\"M9 17C13.4183 17 17 13.4183 17 9C17 4.58172 13.4183 1 9 1C4.58172 1 1 4.58172 1 9C1 13.4183 4.58172 17 9 17Z\" stroke=\"currentColor\" stroke-width=\"1.5\" stroke-linecap=\"round\" stroke-linejoin=\"round\" fill=\"transparent\" \/>\n\t<path d=\"M19 19L14.65 14.65\" stroke=\"currentColor\" stroke-width=\"1.5\" stroke-linecap=\"round\" stroke-linejoin=\"round\" fill=\"transparent\" \/>\n<\/svg>\n<\/div>\n\t\t<\/div>\n\n\t\t<\/a>\t<\/div>\n<\/div>\n\n\t\t\t<\/figure>\n\t\t\t\t\t<\/div>\n\t\t\n<\/div>\n\n<div class=\"vp-portfolio__items-arrow vp-portfolio__items-arrow-prev\" tabindex=\"0\" role=\"button\" aria-label=\"Previous Slide\">\n\t\n<svg class=\"vp-svg-icon\" width=\"20\" height=\"20\" viewBox=\"0 0 20 20\" fill=\"none\" xmlns=\"http:\/\/www.w3.org\/2000\/svg\">\n\t<path d=\"M12 4L6 10L12 16\" stroke=\"currentColor\" stroke-width=\"1.5\" stroke-linecap=\"round\" stroke-linejoin=\"round\" fill=\"transparent\" \/>\n<\/svg>\n<\/div>\n<div class=\"vp-portfolio__items-arrow vp-portfolio__items-arrow-next\" tabindex=\"0\" role=\"button\" aria-label=\"Next Slide\">\n\t\n<svg class=\"vp-svg-icon\" width=\"20\" height=\"20\" viewBox=\"0 0 20 20\" fill=\"none\" xmlns=\"http:\/\/www.w3.org\/2000\/svg\">\n\t<path d=\"M8 4L14 10L8 16\" stroke=\"currentColor\" stroke-width=\"1.5\" stroke-linecap=\"round\" stroke-linejoin=\"round\" fill=\"transparent\" \/>\n<\/svg>\n<\/div>\n\n<div class=\"vp-portfolio__items-bullets\"><\/div>\n\t\t<\/div>\n\t\t\t\t<div class=\"vp-portfolio__layout-elements vp-portfolio__layout-elements-bottom vp-portfolio__layout-elements-align-center\">\n\t\t\t\t<div class=\"vp-portfolio__pagination-wrap\">\n\t\t\n<div class=\"vp-pagination vp-pagination__no-more vp-pagination__style-minimal\" data-vp-pagination-type=\"infinite\">\n\t<div class=\"vp-pagination__item\">\n\t\t<a class=\"vp-pagination__load-more\" href=\"\">\n\t\t\t<span>Ver mais<\/span>\n\t\t\t<span class=\"vp-pagination__load-more-loading\"><span class=\"vp-spinner\"><\/span><span class=\"vp-screen-reader-text\"> Carregando&#8230;<\/span><\/span>\n\t\t\t<span class=\"vp-pagination__load-more-no-more\"><\/span>\n\t\t<\/a>\n\t<\/div>\n<\/div>\n\t\t<\/div>\n\t\t\t\t<\/div>\n\t\t\n<\/div>\n<\/div><\/div>\n\n\n\n<div class=\"wp-block-column is-vertically-aligned-center is-layout-flow wp-block-column-is-layout-flow\">\n<h2 class=\"wp-block-heading\" style=\"font-size:clamp(24.034px, 1.502rem + ((1vw - 3.2px) * 1.814), 40px);\">A Versatilidade do MDF<\/h2>\n\n\n\n<p class=\"has-mono-2-color has-text-color has-link-color has-superbfont-xsmall-font-size wp-elements-02f19e1d75a43a21bfa85fbbad32a5be\">O MDF permite a cria\u00e7\u00e3o de arm\u00e1rios em praticamente todas as situa\u00e7\u00f5es. Neste arm\u00e1rio do banheiro, foi poss\u00edvel a instala\u00e7\u00e3o de uma porta com fechamento em 22 graus, impress\u00e3o de uma textura em uma portinha central para manuten\u00e7\u00f5es e uma decora\u00e7\u00e3o na porta frontal.<\/p>\n\n\n\n<p class=\"has-mono-2-color has-text-color has-link-color has-superbfont-xsmall-font-size wp-elements-21321df6b30ce504c68af42f94fd88b6\">O material utilizado foi o MDF ultra, mais resistente \u00e0 \u00e1gua e umidade, garantindo uma durabilidade muito maior do que os MDFs convencionais. Al\u00e9m disso, pode-se utilizar v\u00e1rias cores e texturas, inclusive met\u00e1licos, para combinar com qualquer ambiente.<\/p>\n\n\n\n<p class=\"has-mono-2-color has-text-color has-link-color has-superbfont-xsmall-font-size wp-elements-723b267c075bdc8e1bb6026c746e7de4\">As dobradi\u00e7as possuem amortecedores para um fechamento suave. Al\u00e9m disso, elas permitem ajustes f\u00e1ceis e vers\u00e1teis que mantem as portas alinhadas, mesmo ap\u00f3s muito tempo de uso.<\/p>\n\n\n\n<div class=\"wp-block-buttons is-layout-flex wp-block-buttons-is-layout-flex\">\n<div class=\"wp-block-button\"><a class=\"wp-block-button__link wp-element-button\" href=\"https:\/\/wa.me\/+5531999995565\">Qual \u00e9 o seu projeto?<\/a><\/div>\n<\/div>\n<\/div>\n<\/div>\n<\/div>\n","protected":false},"excerpt":{"rendered":"<p>Arm\u00e1rios Arm\u00e1rios em MDF, compensados revestidos ou de madeiras maci\u00e7as. Para a cozinha, banheiro, quarto, sala, escrit\u00f3rio ou oficina. Para guardar, enfeitar ou organizar. A Versatilidade do MDF O MDF permite a cria\u00e7\u00e3o de arm\u00e1rios em praticamente todas as situa\u00e7\u00f5es. Neste arm\u00e1rio do banheiro, foi poss\u00edvel a instala\u00e7\u00e3o de uma porta com fechamento em 22 [&hellip;]<\/p>\n","protected":false},"author":1,"featured_media":0,"parent":0,"menu_order":0,"comment_status":"closed","ping_status":"closed","template":"superbaddons-page-template","meta":{"_vp_format_video_url":"","_vp_image_focal_point":[],"footnotes":""},"class_list":["post-680","page","type-page","status-publish","hentry"],"_links":{"self":[{"href":"https:\/\/meubles.com.br\/index.php?rest_route=\/wp\/v2\/pages\/680","targetHints":{"allow":["GET"]}}],"collection":[{"href":"https:\/\/meubles.com.br\/index.php?rest_route=\/wp\/v2\/pages"}],"about":[{"href":"https:\/\/meubles.com.br\/index.php?rest_route=\/wp\/v2\/types\/page"}],"author":[{"embeddable":true,"href":"https:\/\/meubles.com.br\/index.php?rest_route=\/wp\/v2\/users\/1"}],"replies":[{"embeddable":true,"href":"https:\/\/meubles.com.br\/index.php?rest_route=%2Fwp%2Fv2%2Fcomments&post=680"}],"version-history":[{"count":8,"href":"https:\/\/meubles.com.br\/index.php?rest_route=\/wp\/v2\/pages\/680\/revisions"}],"predecessor-version":[{"id":695,"href":"https:\/\/meubles.com.br\/index.php?rest_route=\/wp\/v2\/pages\/680\/revisions\/695"}],"wp:attachment":[{"href":"https:\/\/meubles.com.br\/index.php?rest_route=%2Fwp%2Fv2%2Fmedia&parent=680"}],"curies":[{"name":"wp","href":"https:\/\/api.w.org\/{rel}","templated":true}]}}