{"id":642,"date":"2025-09-20T05:59:53","date_gmt":"2025-09-20T08:59:53","guid":{"rendered":"https:\/\/meubles.com.br\/?page_id=642"},"modified":"2025-09-20T06:28:15","modified_gmt":"2025-09-20T09:28:15","slug":"mesa-lunar","status":"publish","type":"page","link":"https:\/\/meubles.com.br\/?page_id=642","title":{"rendered":"Mesa Lunar"},"content":{"rendered":"\n<div class=\"wp-block-cover\" style=\"margin-top:0;margin-bottom:0;padding-top:var(--wp--preset--spacing--superbspacing-xxlarge);padding-right:var(--wp--preset--spacing--superbspacing-xxlarge);padding-bottom:var(--wp--preset--spacing--superbspacing-xxlarge);padding-left:var(--wp--preset--spacing--superbspacing-xxlarge);min-height:100px;aspect-ratio:unset;\"><img decoding=\"async\" class=\"wp-block-cover__image-background wp-image-653 size-full\" alt=\"\" src=\"http:\/\/meubles.com.br\/wp-content\/uploads\/2025\/09\/cabecalho-mesa-lunar.jpg\" data-object-fit=\"cover\"\/><span aria-hidden=\"true\" class=\"wp-block-cover__background has-background-dim\" style=\"background-color:#718387\"><\/span><div class=\"wp-block-cover__inner-container is-layout-flow wp-container-core-cover-is-layout-4f8d78d1 wp-block-cover-is-layout-flow\">\n<div class=\"wp-block-group has-global-padding is-layout-constrained wp-block-group-is-layout-constrained\"><div style=\"opacity: 0;\" superb-addons-animation=\"slideInLeft\" class=\"wp-block-site-logo\"><a href=\"https:\/\/meubles.com.br\/\" class=\"custom-logo-link\" rel=\"home\"><img decoding=\"async\" width=\"240\" height=\"50\" src=\"https:\/\/meubles.com.br\/wp-content\/uploads\/2025\/08\/logo-branca-sombreado-transparente.png\" class=\"custom-logo\" alt=\"Meubles\" srcset=\"https:\/\/meubles.com.br\/wp-content\/uploads\/2025\/08\/logo-branca-sombreado-transparente.png 509w, https:\/\/meubles.com.br\/wp-content\/uploads\/2025\/08\/logo-branca-sombreado-transparente-300x64.png 300w, https:\/\/meubles.com.br\/wp-content\/uploads\/2025\/08\/logo-branca-sombreado-transparente-500x106.png 500w\" sizes=\"(max-width: 240px) 100vw, 240px\" \/><\/a><\/div><\/div>\n\n\n\n<div class=\"wp-block-group alignwide is-layout-flow wp-block-group-is-layout-flow\" style=\"padding-top:var(--wp--preset--spacing--superbspacing-small);padding-right:var(--wp--preset--spacing--superbspacing-medium);padding-bottom:var(--wp--preset--spacing--superbspacing-medium);padding-left:var(--wp--preset--spacing--superbspacing-medium)\">\n<div style=\"height:100px\" aria-hidden=\"true\" class=\"wp-block-spacer\"><\/div>\n\n\n\n<h2 superb-addons-animation=\"zoomIn\" class=\"wp-block-heading alignwide has-text-align-center has-contrast-light-color has-text-color has-superbfont-xxlarge-font-size\" style=\"padding-right:var(--wp--preset--spacing--superbspacing-small);padding-bottom:var(--wp--preset--spacing--superbspacing-xxsmall);padding-left:var(--wp--preset--spacing--superbspacing-small);font-style:normal;font-weight:700;opacity: 0;\">Mesa Lunar<\/h2>\n<\/div>\n<\/div><\/div>\n\n\n\n<div class=\"wp-block-group alignfull has-global-padding is-layout-constrained wp-container-core-group-is-layout-09687965 wp-block-group-is-layout-constrained\" style=\"margin-top:var(--wp--preset--spacing--superbspacing-small);margin-bottom:var(--wp--preset--spacing--superbspacing-small);padding-top:var(--wp--preset--spacing--superbspacing-large);padding-right:var(--wp--preset--spacing--superbspacing-xxlarge);padding-bottom:var(--wp--preset--spacing--superbspacing-large);padding-left:var(--wp--preset--spacing--superbspacing-xxlarge)\">\n<div class=\"wp-block-columns are-vertically-aligned-center is-layout-flex wp-container-core-columns-is-layout-723d619e wp-block-columns-is-layout-flex\">\n<div class=\"wp-block-column is-vertically-aligned-center is-layout-flow wp-block-column-is-layout-flow\">\n<figure class=\"wp-block-image size-full\"><img decoding=\"async\" width=\"533\" height=\"400\" src=\"http:\/\/meubles.com.br\/wp-content\/uploads\/2025\/09\/mesa-lunar.jpg\" alt=\"\" class=\"wp-image-639\" srcset=\"https:\/\/meubles.com.br\/wp-content\/uploads\/2025\/09\/mesa-lunar.jpg 533w, https:\/\/meubles.com.br\/wp-content\/uploads\/2025\/09\/mesa-lunar-300x225.jpg 300w, https:\/\/meubles.com.br\/wp-content\/uploads\/2025\/09\/mesa-lunar-500x375.jpg 500w\" sizes=\"(max-width: 533px) 100vw, 533px\" \/><\/figure>\n<\/div>\n\n\n\n<div class=\"wp-block-column is-vertically-aligned-center is-layout-flow wp-block-column-is-layout-flow\">\n<h2 class=\"wp-block-heading\" style=\"font-size:clamp(20px, 1.25rem + ((1vw - 3.2px) * 1.364), 32px);\">Conceito<\/h2>\n\n\n\n<p class=\"has-mono-2-color has-text-color has-link-color has-superbfont-xsmall-font-size wp-elements-4f04e60c55899029586f38b321313c9c\">Este \u00e9 uma mesa desenvolvida sob o projeto Art\u00e9lec. Procuramos oferecer um desenho diferenciado sem perder a funcionalidade. O resultado foi uma bela mesa de escrit\u00f3rio com todos os recursos poss\u00edveis.<\/p>\n\n\n\n<p class=\"has-mono-2-color has-text-color has-link-color has-superbfont-xsmall-font-size wp-elements-d9e597e202ea75d14f0d12ff44902215\">A profundidade da mesa pode ser ampliada para comportar alguns perif\u00e9ricos, como impressoras, scanners e etc. O layout pode ser invertido para que se adapte ao ambiente.<\/p>\n<\/div>\n<\/div>\n<\/div>\n\n\n\n<div class=\"wp-block-columns are-vertically-aligned-top has-mono-4-background-color has-background is-layout-flex wp-container-core-columns-is-layout-2f670b95 wp-block-columns-is-layout-flex\" style=\"margin-top:var(--wp--preset--spacing--superbspacing-xsmall);margin-bottom:var(--wp--preset--spacing--superbspacing-xsmall);padding-top:var(--wp--preset--spacing--superbspacing-xsmall);padding-right:var(--wp--preset--spacing--superbspacing-xxlarge);padding-bottom:var(--wp--preset--spacing--superbspacing-xsmall);padding-left:var(--wp--preset--spacing--superbspacing-xxlarge)\">\n<div class=\"wp-block-column is-vertically-aligned-top is-layout-flow wp-block-column-is-layout-flow\" style=\"flex-basis:41%\">\n<div class=\"wp-block-group has-global-padding is-layout-constrained wp-block-group-is-layout-constrained\">\n<h2 class=\"wp-block-heading has-superbfont-large-font-size\">Compartimento<\/h2>\n\n\n\n<p class=\"has-mono-2-color has-text-color has-link-color has-superbfont-xsmall-font-size wp-elements-493437eca30643e01b29d7e4b8fcf0bc\">No p\u00e9 esquerdo, colocamos um compartimento para que seus objetos ou acess\u00f3rios do computador sejam discretamente armazenados, para que este compartimento seja disfar\u00e7ado, n\u00e3o utilizamos puxadores, mas um sistema de abertura denominado quebra-unha, em que basta puxar com as pontas dos dedos uma das laterais da porta.<\/p>\n\n\n\n<p class=\"has-mono-2-color has-text-color has-link-color has-superbfont-xsmall-font-size wp-elements-9c54ee45a5c6b9ac2c9b99bf8d670f99\">Para proporcionar mais flexibilidade no uso, a prateleira desse compartimento \u00e9 m\u00f3vel, ou seja, pode ser retirada para guardar objetos maiores.<\/p>\n<\/div>\n<\/div>\n\n\n\n<div class=\"wp-block-column is-vertically-aligned-top is-layout-flow wp-block-column-is-layout-flow\">\n<figure class=\"wp-block-image size-full\"><img decoding=\"async\" width=\"300\" height=\"400\" src=\"http:\/\/meubles.com.br\/wp-content\/uploads\/2025\/09\/mesa-lunar-compartimento.jpg\" alt=\"\" class=\"wp-image-644\" srcset=\"https:\/\/meubles.com.br\/wp-content\/uploads\/2025\/09\/mesa-lunar-compartimento.jpg 300w, https:\/\/meubles.com.br\/wp-content\/uploads\/2025\/09\/mesa-lunar-compartimento-225x300.jpg 225w\" sizes=\"(max-width: 300px) 100vw, 300px\" \/><\/figure>\n\n\n\n<div class=\"wp-block-buttons is-layout-flex wp-block-buttons-is-layout-flex\"><\/div>\n<\/div>\n<\/div>\n\n\n\n<div class=\"wp-block-group alignfull has-primary-background-color has-background has-global-padding is-layout-constrained wp-container-core-group-is-layout-09687965 wp-block-group-is-layout-constrained\" style=\"margin-top:var(--wp--preset--spacing--superbspacing-small);margin-bottom:var(--wp--preset--spacing--superbspacing-small);padding-top:var(--wp--preset--spacing--superbspacing-large);padding-right:var(--wp--preset--spacing--superbspacing-xxlarge);padding-bottom:var(--wp--preset--spacing--superbspacing-large);padding-left:var(--wp--preset--spacing--superbspacing-xxlarge)\">\n<div class=\"wp-block-columns are-vertically-aligned-center is-layout-flex wp-container-core-columns-is-layout-723d619e wp-block-columns-is-layout-flex\">\n<div class=\"wp-block-column is-vertically-aligned-center is-layout-flow wp-block-column-is-layout-flow\">\n<figure class=\"wp-block-image size-full\"><img decoding=\"async\" width=\"533\" height=\"400\" src=\"http:\/\/meubles.com.br\/wp-content\/uploads\/2025\/09\/mesa-lunar-perfil.jpg\" alt=\"\" class=\"wp-image-645\" srcset=\"https:\/\/meubles.com.br\/wp-content\/uploads\/2025\/09\/mesa-lunar-perfil.jpg 533w, https:\/\/meubles.com.br\/wp-content\/uploads\/2025\/09\/mesa-lunar-perfil-300x225.jpg 300w, https:\/\/meubles.com.br\/wp-content\/uploads\/2025\/09\/mesa-lunar-perfil-500x375.jpg 500w\" sizes=\"(max-width: 533px) 100vw, 533px\" \/><\/figure>\n<\/div>\n\n\n\n<div class=\"wp-block-column is-vertically-aligned-center is-layout-flow wp-block-column-is-layout-flow\">\n<h2 class=\"wp-block-heading has-contrast-light-color has-text-color has-link-color wp-elements-05795ab1db79a01a3d29ad21f4a7d209\" style=\"font-size:clamp(20px, 1.25rem + ((1vw - 3.2px) * 1.364), 32px);\">Acabamento<\/h2>\n\n\n\n<p class=\"has-contrast-light-color has-text-color has-link-color has-superbfont-xsmall-font-size wp-elements-0e73f125a3e32391124ac9533d92360d\">Na parte frontal, foi colocado um acabamento arredondado para que n\u00e3o machuque os antebra\u00e7os.<\/p>\n\n\n\n<p class=\"has-contrast-light-color has-text-color has-link-color has-superbfont-xsmall-font-size wp-elements-61a87f39bb56d3263e86731676634bf0\">Os p\u00e9s foram as discretas sapatas de baixo perfil. As cores e texturas dispon\u00edveis s\u00e3o vastas, desde o madeirado, liso, texturizado, fosco e brilhante. Combina\u00e7\u00f5es como madeirado na parte externa e branca na parte interna proporcionam uma apar\u00eancia muito bonita.<\/p>\n\n\n\n<p class=\"has-contrast-light-color has-text-color has-link-color has-superbfont-xsmall-font-size wp-elements-bf5ea509f35e6e6d6a5c5ca066f584db\">Esta mesa possui 150 cm de largura, 90cm de profundidade na parte maior e 45cm na parte menor, altura de 65cm.<\/p>\n<\/div>\n<\/div>\n<\/div>\n\n\n\n<div class=\"wp-block-group alignfull has-global-padding is-layout-constrained wp-container-core-group-is-layout-09687965 wp-block-group-is-layout-constrained\" style=\"margin-top:var(--wp--preset--spacing--superbspacing-small);margin-bottom:var(--wp--preset--spacing--superbspacing-small);padding-top:var(--wp--preset--spacing--superbspacing-large);padding-right:var(--wp--preset--spacing--superbspacing-xxlarge);padding-bottom:var(--wp--preset--spacing--superbspacing-large);padding-left:var(--wp--preset--spacing--superbspacing-xxlarge)\">\n<div class=\"wp-block-columns are-vertically-aligned-center is-layout-flex wp-container-core-columns-is-layout-723d619e wp-block-columns-is-layout-flex\">\n<div class=\"wp-block-column is-vertically-aligned-center is-layout-flow wp-block-column-is-layout-flow\">\n<figure class=\"wp-block-image size-full\"><img decoding=\"async\" width=\"400\" height=\"400\" src=\"http:\/\/meubles.com.br\/wp-content\/uploads\/2025\/09\/mesa-lunar-computador.jpg\" alt=\"\" class=\"wp-image-646\" srcset=\"https:\/\/meubles.com.br\/wp-content\/uploads\/2025\/09\/mesa-lunar-computador.jpg 400w, https:\/\/meubles.com.br\/wp-content\/uploads\/2025\/09\/mesa-lunar-computador-300x300.jpg 300w, https:\/\/meubles.com.br\/wp-content\/uploads\/2025\/09\/mesa-lunar-computador-150x150.jpg 150w\" sizes=\"(max-width: 400px) 100vw, 400px\" \/><\/figure>\n<\/div>\n\n\n\n<div class=\"wp-block-column is-vertically-aligned-center is-layout-flow wp-block-column-is-layout-flow\">\n<h2 class=\"wp-block-heading\" style=\"font-size:clamp(20px, 1.25rem + ((1vw - 3.2px) * 1.364), 32px);\">Computador<\/h2>\n\n\n\n<p class=\"has-mono-2-color has-text-color has-link-color has-superbfont-xsmall-font-size wp-elements-b6286272d31fe9a14e5d877641e0792a\">O p\u00e9 direito \u00e9 o local aonde fica o computador, a porta tamb\u00e9m n\u00e3o recebeu o puxador pelo mesmo motivo. Foi colocado um painel frontal embutido na porta para conex\u00f5es externas, como por exemplo USB, e-SATA ou P2 para \u00e1udio e monitoramento do hardware, como temperaturas, velocidades das ventoinhas, tens\u00f5es e etc. O bot\u00e3o de ligar\/desligar foi colocado logo abaixo desse painel frontal.<\/p>\n\n\n\n<p class=\"has-mono-2-color has-text-color has-link-color has-superbfont-xsmall-font-size wp-elements-5442ad69b90b17e6c106c6a723918bba\">Este p\u00e9 teve a sua profundidade prolongada para que a sustenta\u00e7\u00e3o do m\u00f3vel fosse maior. Ele permite a coloca\u00e7\u00e3o de placas m\u00e3e no formato Micro-ATX, Mini-ATX e Full-ATX. Uma base m\u00f3vel foi colocada com corredi\u00e7a pneum\u00e1tica para que seja poss\u00edvel a visualiza\u00e7\u00e3o completa dos componentes, facilitando a manuten\u00e7\u00e3o do computador por um t\u00e9cnico.<\/p>\n<\/div>\n<\/div>\n<\/div>\n","protected":false},"excerpt":{"rendered":"<p>Conceito Este \u00e9 uma mesa desenvolvida sob o projeto Art\u00e9lec. Procuramos oferecer um desenho diferenciado sem perder a funcionalidade. O resultado foi uma bela mesa de escrit\u00f3rio com todos os recursos poss\u00edveis. A profundidade da mesa pode ser ampliada para comportar alguns perif\u00e9ricos, como impressoras, scanners e etc. O layout pode ser invertido para que [&hellip;]<\/p>\n","protected":false},"author":1,"featured_media":0,"parent":0,"menu_order":0,"comment_status":"closed","ping_status":"closed","template":"superbaddons-page-template","meta":{"_vp_format_video_url":"","_vp_image_focal_point":[],"footnotes":""},"class_list":["post-642","page","type-page","status-publish","hentry"],"_links":{"self":[{"href":"https:\/\/meubles.com.br\/index.php?rest_route=\/wp\/v2\/pages\/642","targetHints":{"allow":["GET"]}}],"collection":[{"href":"https:\/\/meubles.com.br\/index.php?rest_route=\/wp\/v2\/pages"}],"about":[{"href":"https:\/\/meubles.com.br\/index.php?rest_route=\/wp\/v2\/types\/page"}],"author":[{"embeddable":true,"href":"https:\/\/meubles.com.br\/index.php?rest_route=\/wp\/v2\/users\/1"}],"replies":[{"embeddable":true,"href":"https:\/\/meubles.com.br\/index.php?rest_route=%2Fwp%2Fv2%2Fcomments&post=642"}],"version-history":[{"count":4,"href":"https:\/\/meubles.com.br\/index.php?rest_route=\/wp\/v2\/pages\/642\/revisions"}],"predecessor-version":[{"id":654,"href":"https:\/\/meubles.com.br\/index.php?rest_route=\/wp\/v2\/pages\/642\/revisions\/654"}],"wp:attachment":[{"href":"https:\/\/meubles.com.br\/index.php?rest_route=%2Fwp%2Fv2%2Fmedia&parent=642"}],"curies":[{"name":"wp","href":"https:\/\/api.w.org\/{rel}","templated":true}]}}