{"id":637,"date":"2025-09-20T05:19:26","date_gmt":"2025-09-20T08:19:26","guid":{"rendered":"https:\/\/meubles.com.br\/?page_id=637"},"modified":"2025-09-20T06:01:42","modified_gmt":"2025-09-20T09:01:42","slug":"mesas","status":"publish","type":"page","link":"https:\/\/meubles.com.br\/?page_id=637","title":{"rendered":"Mesas"},"content":{"rendered":"\n<div class=\"wp-block-cover is-light\" style=\"margin-top:0;margin-bottom:0;padding-top:var(--wp--preset--spacing--superbspacing-xxlarge);padding-right:var(--wp--preset--spacing--superbspacing-xxlarge);padding-bottom:var(--wp--preset--spacing--superbspacing-xxlarge);padding-left:var(--wp--preset--spacing--superbspacing-xxlarge);min-height:100px;aspect-ratio:unset;\"><img decoding=\"async\" width=\"1024\" height=\"576\" class=\"wp-block-cover__image-background wp-image-638 size-full\" alt=\"\" src=\"http:\/\/meubles.com.br\/wp-content\/uploads\/2025\/09\/cabecalho-mesas.jpg\" data-object-fit=\"cover\" srcset=\"https:\/\/meubles.com.br\/wp-content\/uploads\/2025\/09\/cabecalho-mesas.jpg 1024w, https:\/\/meubles.com.br\/wp-content\/uploads\/2025\/09\/cabecalho-mesas-300x169.jpg 300w, https:\/\/meubles.com.br\/wp-content\/uploads\/2025\/09\/cabecalho-mesas-768x432.jpg 768w, https:\/\/meubles.com.br\/wp-content\/uploads\/2025\/09\/cabecalho-mesas-500x281.jpg 500w, https:\/\/meubles.com.br\/wp-content\/uploads\/2025\/09\/cabecalho-mesas-800x450.jpg 800w\" sizes=\"(max-width: 1024px) 100vw, 1024px\" \/><span aria-hidden=\"true\" class=\"wp-block-cover__background has-background-dim\" style=\"background-color:#aaaeb0\"><\/span><div class=\"wp-block-cover__inner-container is-layout-flow wp-container-core-cover-is-layout-4f8d78d1 wp-block-cover-is-layout-flow\">\n<div class=\"wp-block-group has-global-padding is-layout-constrained wp-block-group-is-layout-constrained\"><div style=\"opacity: 0;\" superb-addons-animation=\"slideInLeft\" class=\"wp-block-site-logo\"><a href=\"https:\/\/meubles.com.br\/\" class=\"custom-logo-link\" rel=\"home\"><img decoding=\"async\" width=\"240\" height=\"50\" src=\"https:\/\/meubles.com.br\/wp-content\/uploads\/2025\/08\/logo-branca-sombreado-transparente.png\" class=\"custom-logo\" alt=\"Meubles\" srcset=\"https:\/\/meubles.com.br\/wp-content\/uploads\/2025\/08\/logo-branca-sombreado-transparente.png 509w, https:\/\/meubles.com.br\/wp-content\/uploads\/2025\/08\/logo-branca-sombreado-transparente-300x64.png 300w, https:\/\/meubles.com.br\/wp-content\/uploads\/2025\/08\/logo-branca-sombreado-transparente-500x106.png 500w\" sizes=\"(max-width: 240px) 100vw, 240px\" \/><\/a><\/div><\/div>\n\n\n\n<div class=\"wp-block-group alignwide is-layout-flow wp-block-group-is-layout-flow\" style=\"padding-top:var(--wp--preset--spacing--superbspacing-small);padding-right:var(--wp--preset--spacing--superbspacing-medium);padding-bottom:var(--wp--preset--spacing--superbspacing-medium);padding-left:var(--wp--preset--spacing--superbspacing-medium)\">\n<div style=\"height:100px\" aria-hidden=\"true\" class=\"wp-block-spacer\"><\/div>\n\n\n\n<h2 superb-addons-animation=\"zoomIn\" class=\"wp-block-heading alignwide has-text-align-center has-contrast-light-color has-text-color has-superbfont-xxlarge-font-size\" style=\"padding-right:var(--wp--preset--spacing--superbspacing-small);padding-bottom:var(--wp--preset--spacing--superbspacing-xxsmall);padding-left:var(--wp--preset--spacing--superbspacing-small);font-style:normal;font-weight:700;opacity: 0;\">Mesas<\/h2>\n\n\n\n<p style=\"opacity: 0;\" superb-addons-animation=\"fadeInUp\" class=\"has-text-align-center has-contrast-light-color has-text-color has-link-color wp-elements-0ec96f08c70d995e1ed948cc1e954914\">Cuida dos la\u00e7os e da performance<\/p>\n<\/div>\n<\/div><\/div>\n\n\n\n<div class=\"wp-block-group alignfull has-global-padding is-layout-constrained wp-container-core-group-is-layout-31e81d5a wp-block-group-is-layout-constrained\" style=\"margin-top:var(--wp--preset--spacing--superbspacing-xsmall);margin-bottom:var(--wp--preset--spacing--superbspacing-xsmall);padding-top:var(--wp--preset--spacing--superbspacing-xsmall);padding-right:var(--wp--preset--spacing--superbspacing-xxlarge);padding-bottom:var(--wp--preset--spacing--superbspacing-xsmall);padding-left:var(--wp--preset--spacing--superbspacing-xxlarge)\">\n<div class=\"wp-block-columns alignwide is-layout-flex wp-container-core-columns-is-layout-25593187 wp-block-columns-is-layout-flex\">\n<div class=\"wp-block-column is-vertically-aligned-center is-layout-flow wp-container-core-column-is-layout-a1628350 wp-block-column-is-layout-flow\" style=\"padding-top:0;padding-right:0;padding-bottom:0;padding-left:0\">\n<div class=\"wp-block-group is-layout-flow wp-container-core-group-is-layout-ff697075 wp-block-group-is-layout-flow\">\n<h3 class=\"wp-block-heading has-text-align-left has-superbfont-large-font-size\">Mesa Lunar<\/h3>\n\n\n\n<p class=\"has-text-align-left has-mono-2-color has-text-color has-superbfont-small-font-size\">Este projeto surgiu de uma brincadeira com o compasso, onde o que se almejava era uma mesa com formas curvas, mas que fugisse do padr\u00e3o das mesas onduladas, ent\u00e3o foi criado uma interven\u00e7\u00e3o de uma curva com a outra de forma que foi poss\u00edvel a utiliza\u00e7\u00e3o do m\u00f3vel de maneira confort\u00e1vel sem ocupar muito espa\u00e7o.<\/p>\n<\/div>\n\n\n\n<div class=\"wp-block-buttons is-layout-flex wp-container-core-buttons-is-layout-69f3c5ca wp-block-buttons-is-layout-flex\">\n<div class=\"wp-block-button\"><a class=\"wp-block-button__link has-superbfont-small-font-size has-custom-font-size wp-element-button\" href=\"https:\/\/meubles.com.br\/?page_id=642\" style=\"padding-top:var(--wp--preset--spacing--superbspacing-xsmall);padding-right:var(--wp--preset--spacing--superbspacing-xsmall);padding-bottom:var(--wp--preset--spacing--superbspacing-xsmall);padding-left:var(--wp--preset--spacing--superbspacing-xsmall)\">Saber mais<\/a><\/div>\n<\/div>\n<\/div>\n\n\n\n<div class=\"wp-block-column is-vertically-aligned-center is-layout-flow wp-container-core-column-is-layout-40a2a7e8 wp-block-column-is-layout-flow\" style=\"padding-right:0;padding-bottom:0;padding-left:0\">\n<figure class=\"wp-block-image alignleft size-full has-custom-border\"><a href=\"https:\/\/meubles.com.br\/?page_id=642\"><img decoding=\"async\" width=\"533\" height=\"400\" src=\"http:\/\/meubles.com.br\/wp-content\/uploads\/2025\/09\/mesa-lunar.jpg\" alt=\"\" class=\"wp-image-639\" style=\"border-radius:8px\" srcset=\"https:\/\/meubles.com.br\/wp-content\/uploads\/2025\/09\/mesa-lunar.jpg 533w, https:\/\/meubles.com.br\/wp-content\/uploads\/2025\/09\/mesa-lunar-300x225.jpg 300w, https:\/\/meubles.com.br\/wp-content\/uploads\/2025\/09\/mesa-lunar-500x375.jpg 500w\" sizes=\"(max-width: 533px) 100vw, 533px\" \/><\/a><\/figure>\n<\/div>\n<\/div>\n<\/div>\n","protected":false},"excerpt":{"rendered":"<p>Mesa Lunar Este projeto surgiu de uma brincadeira com o compasso, onde o que se almejava era uma mesa com formas curvas, mas que fugisse do padr\u00e3o das mesas onduladas, ent\u00e3o foi criado uma interven\u00e7\u00e3o de uma curva com a outra de forma que foi poss\u00edvel a utiliza\u00e7\u00e3o do m\u00f3vel de maneira confort\u00e1vel sem ocupar [&hellip;]<\/p>\n","protected":false},"author":1,"featured_media":0,"parent":0,"menu_order":0,"comment_status":"closed","ping_status":"closed","template":"superbaddons-page-template","meta":{"_vp_format_video_url":"","_vp_image_focal_point":[],"footnotes":""},"class_list":["post-637","page","type-page","status-publish","hentry"],"_links":{"self":[{"href":"https:\/\/meubles.com.br\/index.php?rest_route=\/wp\/v2\/pages\/637","targetHints":{"allow":["GET"]}}],"collection":[{"href":"https:\/\/meubles.com.br\/index.php?rest_route=\/wp\/v2\/pages"}],"about":[{"href":"https:\/\/meubles.com.br\/index.php?rest_route=\/wp\/v2\/types\/page"}],"author":[{"embeddable":true,"href":"https:\/\/meubles.com.br\/index.php?rest_route=\/wp\/v2\/users\/1"}],"replies":[{"embeddable":true,"href":"https:\/\/meubles.com.br\/index.php?rest_route=%2Fwp%2Fv2%2Fcomments&post=637"}],"version-history":[{"count":3,"href":"https:\/\/meubles.com.br\/index.php?rest_route=\/wp\/v2\/pages\/637\/revisions"}],"predecessor-version":[{"id":649,"href":"https:\/\/meubles.com.br\/index.php?rest_route=\/wp\/v2\/pages\/637\/revisions\/649"}],"wp:attachment":[{"href":"https:\/\/meubles.com.br\/index.php?rest_route=%2Fwp%2Fv2%2Fmedia&parent=637"}],"curies":[{"name":"wp","href":"https:\/\/api.w.org\/{rel}","templated":true}]}}